{"id":2089,"date":"2020-02-05T14:53:37","date_gmt":"2020-02-05T14:53:37","guid":{"rendered":"https:\/\/cibuc.com\/rechtliche-hinweise-und-nutzungsbedingungen\/"},"modified":"2020-02-05T14:53:37","modified_gmt":"2020-02-05T14:53:37","slug":"rechtliche-hinweise-und-nutzungsbedingungen","status":"publish","type":"page","link":"https:\/\/cibuc.com\/de\/rechtliche-hinweise-und-nutzungsbedingungen\/","title":{"rendered":"Rechtliche Hinweise und Nutzungsbedingungen"},"content":{"rendered":"<h1>Rechtliche Hinweise und Nutzungsbedingungen<\/h1>\n<p>Um den Artikel 10 des Gesetzes 34\/2002 \u00fcber die Dienstleistungen der Informationsgesellschaft und des elektronischen Handels zu erf\u00fcllen, informieren wir den Benutzer \u00fcber unsere Daten:<br \/>\nName des Unternehmens: INNOVATION WARS S.L.<\/p>\n<p><strong>Handelsname:<\/strong> CIBUC<\/p>\n<p><strong>Eingetragener Sitz:<\/strong> Calle Jabato, 70 . &#8211; 28521 &#8211; RIVAS VACIAMADRID &#8211; MADRID<\/p>\n<p><strong>MEHRWERTSTEUER-NR.:<\/strong> B86670924<\/p>\n<p><strong>Telefon:<\/strong> 620268077<\/p>\n<p><strong>e-Mail:<\/strong> jmgonzalez@innovationwars.es<\/p>\n<p><strong>Registrierungsdaten:<\/strong> Innovation Wars SL ist ein im Handelsregister von Madrid, Band 30805, Folio 30, Seite M-554399, 1. Eintragung, eingetragenes Unternehmen.<\/p>\n<p><strong>Website:<\/strong> www.cibuc.com, innovationwars.es, innovationwars.com, elvalledigital.es<\/p>\n<h3><\/h3>\n<h3>Objekt<\/h3>\n<p>Der Anbieter, der f\u00fcr die Website verantwortlich ist, stellt den Nutzern dieses Dokument zur Verf\u00fcgung, mit dem er die im Gesetz 34\/2002 \u00fcber die Dienste der Informationsgesellschaft und den elektronischen Handel (LSSI-CE) festgelegten Verpflichtungen erf\u00fcllen und alle Nutzer der Website \u00fcber die Nutzungsbedingungen der Website informieren m\u00f6chte. Jede Person, die auf diese Website zugreift, \u00fcbernimmt die Rolle des Nutzers und verpflichtet sich zur Einhaltung und strikten Befolgung der hierin enthaltenen Bestimmungen sowie aller anderen m\u00f6glicherweise anwendbaren gesetzlichen Bestimmungen. Der Anbieter beh\u00e4lt sich das Recht vor, jede Art von Informationen, die auf der Website erscheinen k\u00f6nnen, zu \u00e4ndern, ohne dass eine Verpflichtung zur vorherigen Ank\u00fcndigung oder Information der Nutzer besteht, wobei die Ver\u00f6ffentlichung auf der Website des Anbieters als ausreichend angesehen wird.<\/p>\n<p>&nbsp;<\/p>\n<h3>Verantwortung<\/h3>\n<p>Der Anbieter lehnt jede Haftung f\u00fcr die auf seiner Website ver\u00f6ffentlichten Informationen ab, sofern diese Informationen von Dritten manipuliert oder eingef\u00fcgt worden sind. Die Website des Anbieters kann Cookies (kleine Informationsdateien, die der Server an den Computer der Person sendet, die auf die Seite zugreift) verwenden, um bestimmte Funktionen auszuf\u00fchren, die als wesentlich f\u00fcr das korrekte Funktionieren und die Darstellung der Website angesehen werden. Die auf der Website verwendeten Cookies sind in jedem Fall vor\u00fcbergehender Natur und dienen ausschlie\u00dflich dem Zweck, die sp\u00e4tere \u00dcbermittlung effizienter zu gestalten; sie verschwinden, sobald die Sitzung des Nutzers beendet ist. Unter keinen Umst\u00e4nden werden Cookies verwendet, um pers\u00f6nliche Informationen zu sammeln. Es ist m\u00f6glich, dass Sie von der Website des Kunden zu Inhalten auf Websites Dritter weitergeleitet werden. Da der Anbieter die von Dritten auf seinen Webseiten eingestellten Inhalte nicht immer kontrollieren kann, \u00fcbernimmt der Anbieter keinerlei Verantwortung f\u00fcr diese Inhalte. In jedem Fall erkl\u00e4rt der Anbieter, dass er Inhalte, die gegen die nationale oder internationale Gesetzgebung, die guten Sitten oder die \u00f6ffentliche Ordnung versto\u00dfen k\u00f6nnten, unverz\u00fcglich entfernen wird, indem er die Weiterleitung zu dieser Website unverz\u00fcglich aufhebt und die zust\u00e4ndigen Beh\u00f6rden \u00fcber den fraglichen Inhalt informiert. Der Anbieter ist nicht verantwortlich f\u00fcr die gespeicherten Informationen und Inhalte, insbesondere in Foren, Chats, Bloggeneratoren, Kommentaren, sozialen Netzwerken oder anderen Medien, die es Dritten erm\u00f6glichen, selbstst\u00e4ndig Inhalte auf der Website des Anbieters zu ver\u00f6ffentlichen. Dennoch stellt sich der Anbieter gem\u00e4\u00df den Bestimmungen der Artikel 11 und 16 des LSSI-CE allen Nutzern, Beh\u00f6rden und Sicherheitskr\u00e4ften zur Verf\u00fcgung und arbeitet aktiv an der Entfernung oder Sperrung aller Inhalte mit, die die nationale oder internationale Gesetzgebung, die Rechte Dritter oder die Moral und die \u00f6ffentliche Ordnung beeintr\u00e4chtigen oder verletzen k\u00f6nnten. Sollte der Nutzer der Ansicht sein, dass es auf der Website Inhalte gibt, die f\u00fcr diese Einstufung in Frage kommen k\u00f6nnten, benachrichtigen Sie bitte unverz\u00fcglich den Administrator der Website. Diese Website wurde \u00fcberpr\u00fcft und getestet, um sicherzustellen, dass sie korrekt funktioniert. Im Prinzip kann der ordnungsgem\u00e4\u00dfe Betrieb 365 Tage im Jahr, 24 Stunden am Tag gew\u00e4hrleistet werden. Der Anbieter schlie\u00dft jedoch nicht aus, dass bestimmte Programmierfehler auftreten k\u00f6nnen oder dass h\u00f6here Gewalt, Naturkatastrophen, Streiks oder \u00e4hnliche Umst\u00e4nde den Zugang zur Website unm\u00f6glich machen.<\/p>\n<h3><\/h3>\n<h3>Geistiges und gewerbliches Eigentum<\/h3>\n<p>Die Website, einschlie\u00dflich, aber nicht beschr\u00e4nkt auf ihre Programmierung, Bearbeitung, Zusammenstellung und andere f\u00fcr ihren Betrieb notwendige Elemente, Designs, Logos, Texte und\/oder Grafiken sind Eigentum des Anbieters oder werden gegebenenfalls von den Urhebern lizenziert oder ausdr\u00fccklich genehmigt. Der gesamte Inhalt der Website ist durch die Vorschriften \u00fcber geistiges und gewerbliches Eigentum ordnungsgem\u00e4\u00df gesch\u00fctzt und in den entsprechenden \u00f6ffentlichen Registern eingetragen. Ungeachtet des Zwecks, f\u00fcr den sie bestimmt sind, bedarf die vollst\u00e4ndige oder teilweise Vervielf\u00e4ltigung, Nutzung, Verwertung, Verbreitung und Vermarktung in jedem Fall der vorherigen schriftlichen Genehmigung des Anbieters. Jede nicht zuvor vom Anbieter genehmigte Nutzung gilt als schwerwiegende Verletzung der Rechte des Urhebers an seinem geistigen oder gewerblichen Eigentum. Die Designs, Logos, Texte und\/oder Grafiken, die nicht dem Anbieter geh\u00f6ren und die auf der Website erscheinen k\u00f6nnen, geh\u00f6ren ihren jeweiligen Eigent\u00fcmern, die selbst f\u00fcr eventuelle Streitigkeiten in Bezug auf diese verantwortlich sind. In allen F\u00e4llen liegt dem Anbieter eine ausdr\u00fcckliche vorherige Genehmigung vor. Der Anbieter gestattet Dritten ausdr\u00fccklich NICHT, direkt auf die spezifischen Inhalte der Website umzuleiten, sondern muss in jedem Fall auf die Hauptwebsite des Anbieters umleiten. Der Anbieter erkennt die entsprechenden gewerblichen und geistigen Eigentumsrechte zugunsten ihrer Eigent\u00fcmer an, und ihre blo\u00dfe Erw\u00e4hnung oder ihr Erscheinen auf der Website impliziert weder das Bestehen irgendwelcher Rechte oder Haftungen seitens des Anbieters in Bezug auf diese, noch eine Bef\u00fcrwortung, F\u00f6rderung oder Empfehlung von Seiten desselben. Wenn Sie sich zu m\u00f6glichen Verletzungen von Rechten an geistigem oder gewerblichem Eigentum sowie zum Inhalt der Website \u00e4u\u00dfern m\u00f6chten, k\u00f6nnen Sie dies per E-Mail an die folgende Adresse tun.<\/p>\n<h3><\/h3>\n<h3>Wahrhaftigkeit der Informationen<\/h3>\n<p>Alle vom Nutzer gemachten Angaben m\u00fcssen wahrheitsgem\u00e4\u00df sein. Zu diesem Zweck garantiert der Nutzer die Authentizit\u00e4t der Daten, die er \u00fcber die Formulare f\u00fcr die Anmeldung zu den Diensten \u00fcbermittelt. Es liegt in der Verantwortung des Nutzers, alle INNOVATION WARS S.L. zur Verf\u00fcgung gestellten Informationen st\u00e4ndig auf dem neuesten Stand zu halten, so dass sie jederzeit seiner tats\u00e4chlichen Situation entsprechen. In jedem Fall tr\u00e4gt der Nutzer die alleinige Verantwortung f\u00fcr falsche oder ungenaue Angaben und f\u00fcr alle Sch\u00e4den, die dem Anbieter oder Dritten entstehen.<\/p>\n<p>&nbsp;<\/p>\n<h3>Minderj\u00e4hrige<\/h3>\n<p>Um die Dienste nutzen zu k\u00f6nnen, m\u00fcssen Minderj\u00e4hrige stets die vorherige Zustimmung ihrer Eltern, Erziehungsberechtigten oder gesetzlichen Vertreter einholen, die letztlich f\u00fcr alle Handlungen der ihnen anvertrauten Minderj\u00e4hrigen verantwortlich sind. Die Verantwortung f\u00fcr die Bestimmung der spezifischen Inhalte, zu denen Minderj\u00e4hrige Zugang haben, liegt bei den Minderj\u00e4hrigen. Wenn sie auf ungeeignete Inhalte im Internet zugreifen, m\u00fcssen daher auf ihren Computern Mechanismen eingerichtet werden, insbesondere Computerprogramme, Filter und Sperren, die es erm\u00f6glichen, die verf\u00fcgbaren Inhalte zu begrenzen, und die, obwohl sie nicht unfehlbar sind, besonders n\u00fctzlich sind, um das Material, zu dem Minderj\u00e4hrige Zugang haben, zu kontrollieren und zu beschr\u00e4nken.<\/p>\n<p>&nbsp;<\/p>\n<h3>Verpflichtung zur ordnungsgem\u00e4\u00dfen Nutzung der Website<\/h3>\n<p>Der Nutzer verpflichtet sich, die Website in \u00dcbereinstimmung mit dem Gesetz und dem vorliegenden rechtlichen Hinweis sowie den guten Sitten zu nutzen. Zu diesem Zweck unterl\u00e4sst der Nutzer die Nutzung der Website f\u00fcr unerlaubte oder verbotene Zwecke oder f\u00fcr Zwecke, die den Rechten und Interessen Dritter schaden, oder die in irgendeiner Weise die normale Nutzung der Computerausr\u00fcstung oder der Dokumente, Dateien und aller Arten von Inhalten, die in der Computerausr\u00fcstung des Anbieters gespeichert sind, besch\u00e4digen, unbrauchbar machen, \u00fcberlasten, verschlechtern oder behindern k\u00f6nnen. Insbesondere und beispielhaft, aber nicht ersch\u00f6pfend, verpflichtet sich der Nutzer, keine Informationen, Daten, Inhalte, Nachrichten, Grafiken, Zeichnungen, Ton- oder Bilddateien, Fotos, Aufzeichnungen, Software und allgemein jede Art von Material zu \u00fcbermitteln, zu verbreiten oder Dritten zur Verf\u00fcgung zu stellen, die:<\/p>\n<p>(a) im Widerspruch zu den in der Verfassung, in internationalen Vertr\u00e4gen und im sonstigen geltenden Recht anerkannten Grundrechten und \u00f6ffentlichen Freiheiten steht, diese missachtet oder verletzt.<\/p>\n<p>(b) zu kriminellen, verunglimpfenden, verleumderischen, gewaltt\u00e4tigen oder allgemein ungesetzlichen, sittenwidrigen oder gegen die \u00f6ffentliche Ordnung versto\u00dfenden Handlungen anregt, dazu auffordert oder diese f\u00f6rdert.<\/p>\n<p>(c) zu diskriminierenden Handlungen, Einstellungen oder Gedanken aus Gr\u00fcnden des Geschlechts, der Rasse, der Religion, der Weltanschauung, des Alters oder des Status anregt, anstiftet oder f\u00f6rdert.<\/p>\n<p>(d) gegen das Recht auf Ehre, die pers\u00f6nliche oder famili\u00e4re Privatsph\u00e4re oder das eigene Bild verst\u00f6\u00dft.<\/p>\n<p>(e) in irgendeiner Weise die Glaubw\u00fcrdigkeit des Anbieters oder Dritter sch\u00e4digt.<\/p>\n<p>(f) eine unzul\u00e4ssige, irref\u00fchrende oder unlautere Werbung darstellt.<\/p>\n<p>&nbsp;<\/p>\n<h3>Anwendbares Recht und Gerichtsbarkeit<\/h3>\n<p>F\u00fcr die Beilegung aller Streitigkeiten oder Fragen im Zusammenhang mit dieser Website oder den auf ihr durchgef\u00fchrten Aktivit\u00e4ten gilt die spanische Gesetzgebung, der sich die Parteien ausdr\u00fccklich unterwerfen, und die Gerichte von RIVAS VACIAMADRID sind f\u00fcr die Beilegung aller Konflikte zust\u00e4ndig, die sich aus der Nutzung dieser Website ergeben oder damit zusammenh\u00e4ngen.<\/p>\n","protected":false},"excerpt":{"rendered":"<p>Rechtliche Hinweise und Nutzungsbedingungen Um den Artikel 10 des Gesetzes 34\/2002 \u00fcber die Dienstleistungen der Informationsgesellschaft und des elektronischen Handels zu erf\u00fcllen, informieren wir den Benutzer \u00fcber unsere Daten: Name des Unternehmens: INNOVATION WARS S.L. Handelsname: CIBUC Eingetragener Sitz: Calle Jabato, 70 . &#8211; 28521 &#8211; RIVAS VACIAMADRID &#8211; MADRID MEHRWERTSTEUER-NR.: B86670924 Telefon: 620268077 e-Mail: jmgonzalez@innovationwars.es Registrierungsdaten: Innovation Wars SL [&hellip;]<\/p>\n","protected":false},"author":1,"featured_media":0,"parent":0,"menu_order":0,"comment_status":"closed","ping_status":"closed","template":"","meta":{"footnotes":""},"class_list":["post-2089","page","type-page","status-publish","hentry"],"yoast_head":"<!-- This site is optimized with the Yoast SEO plugin v23.6 - https:\/\/yoast.com\/wordpress\/plugins\/seo\/ -->\n<title>Rechtliche Hinweise und Nutzungsbedingungen - cibuc.com<\/title>\n<meta name=\"robots\" content=\"index, follow, max-snippet:-1, max-image-preview:large, max-video-preview:-1\" \/>\n<link rel=\"canonical\" href=\"https:\/\/cibuc.com\/de\/rechtliche-hinweise-und-nutzungsbedingungen\/\" \/>\n<meta property=\"og:locale\" content=\"de_DE\" \/>\n<meta property=\"og:type\" content=\"article\" \/>\n<meta property=\"og:title\" content=\"Rechtliche Hinweise und Nutzungsbedingungen - cibuc.com\" \/>\n<meta property=\"og:description\" content=\"Rechtliche Hinweise und Nutzungsbedingungen Um den Artikel 10 des Gesetzes 34\/2002 \u00fcber die Dienstleistungen der Informationsgesellschaft und des elektronischen Handels zu erf\u00fcllen, informieren wir den Benutzer \u00fcber unsere Daten: Name des Unternehmens: INNOVATION WARS S.L. Handelsname: CIBUC Eingetragener Sitz: Calle Jabato, 70 . &#8211; 28521 &#8211; RIVAS VACIAMADRID &#8211; MADRID MEHRWERTSTEUER-NR.: B86670924 Telefon: 620268077 e-Mail: jmgonzalez@innovationwars.es Registrierungsdaten: Innovation Wars SL [&hellip;]\" \/>\n<meta property=\"og:url\" content=\"https:\/\/cibuc.com\/de\/rechtliche-hinweise-und-nutzungsbedingungen\/\" \/>\n<meta property=\"og:site_name\" content=\"cibuc.com\" \/>\n<meta name=\"twitter:card\" content=\"summary_large_image\" \/>\n<meta name=\"twitter:label1\" content=\"Gesch\u00e4tzte Lesezeit\" \/>\n\t<meta name=\"twitter:data1\" content=\"7\u00a0Minuten\" \/>\n<script type=\"application\/ld+json\" class=\"yoast-schema-graph\">{\"@context\":\"https:\/\/schema.org\",\"@graph\":[{\"@type\":\"WebPage\",\"@id\":\"https:\/\/cibuc.com\/de\/rechtliche-hinweise-und-nutzungsbedingungen\/\",\"url\":\"https:\/\/cibuc.com\/de\/rechtliche-hinweise-und-nutzungsbedingungen\/\",\"name\":\"Rechtliche Hinweise und Nutzungsbedingungen - cibuc.com\",\"isPartOf\":{\"@id\":\"https:\/\/cibuc.com\/de\/#website\"},\"datePublished\":\"2020-02-05T14:53:37+00:00\",\"dateModified\":\"2020-02-05T14:53:37+00:00\",\"breadcrumb\":{\"@id\":\"https:\/\/cibuc.com\/de\/rechtliche-hinweise-und-nutzungsbedingungen\/#breadcrumb\"},\"inLanguage\":\"de\",\"potentialAction\":[{\"@type\":\"ReadAction\",\"target\":[\"https:\/\/cibuc.com\/de\/rechtliche-hinweise-und-nutzungsbedingungen\/\"]}]},{\"@type\":\"BreadcrumbList\",\"@id\":\"https:\/\/cibuc.com\/de\/rechtliche-hinweise-und-nutzungsbedingungen\/#breadcrumb\",\"itemListElement\":[{\"@type\":\"ListItem\",\"position\":1,\"name\":\"Portada\",\"item\":\"https:\/\/cibuc.com\/de\/\"},{\"@type\":\"ListItem\",\"position\":2,\"name\":\"Rechtliche Hinweise und Nutzungsbedingungen\"}]},{\"@type\":\"WebSite\",\"@id\":\"https:\/\/cibuc.com\/de\/#website\",\"url\":\"https:\/\/cibuc.com\/de\/\",\"name\":\"cibuc.com\",\"description\":\"Inteligencia Artificial Colectiva\",\"publisher\":{\"@id\":\"https:\/\/cibuc.com\/de\/#organization\"},\"potentialAction\":[{\"@type\":\"SearchAction\",\"target\":{\"@type\":\"EntryPoint\",\"urlTemplate\":\"https:\/\/cibuc.com\/de\/?s={search_term_string}\"},\"query-input\":{\"@type\":\"PropertyValueSpecification\",\"valueRequired\":true,\"valueName\":\"search_term_string\"}}],\"inLanguage\":\"de\"},{\"@type\":\"Organization\",\"@id\":\"https:\/\/cibuc.com\/de\/#organization\",\"name\":\"cibuc.com\",\"url\":\"https:\/\/cibuc.com\/de\/\",\"logo\":{\"@type\":\"ImageObject\",\"inLanguage\":\"de\",\"@id\":\"https:\/\/cibuc.com\/de\/#\/schema\/logo\/image\/\",\"url\":\"https:\/\/cibuc.com\/wp-content\/uploads\/2020\/01\/Logotipo-CIBUC-Principal-1.png\",\"contentUrl\":\"https:\/\/cibuc.com\/wp-content\/uploads\/2020\/01\/Logotipo-CIBUC-Principal-1.png\",\"width\":198,\"height\":52,\"caption\":\"cibuc.com\"},\"image\":{\"@id\":\"https:\/\/cibuc.com\/de\/#\/schema\/logo\/image\/\"}}]}<\/script>\n<!-- \/ Yoast SEO plugin. -->","yoast_head_json":{"title":"Rechtliche Hinweise und Nutzungsbedingungen - cibuc.com","robots":{"index":"index","follow":"follow","max-snippet":"max-snippet:-1","max-image-preview":"max-image-preview:large","max-video-preview":"max-video-preview:-1"},"canonical":"https:\/\/cibuc.com\/de\/rechtliche-hinweise-und-nutzungsbedingungen\/","og_locale":"de_DE","og_type":"article","og_title":"Rechtliche Hinweise und Nutzungsbedingungen - cibuc.com","og_description":"Rechtliche Hinweise und Nutzungsbedingungen Um den Artikel 10 des Gesetzes 34\/2002 \u00fcber die Dienstleistungen der Informationsgesellschaft und des elektronischen Handels zu erf\u00fcllen, informieren wir den Benutzer \u00fcber unsere Daten: Name des Unternehmens: INNOVATION WARS S.L. Handelsname: CIBUC Eingetragener Sitz: Calle Jabato, 70 . &#8211; 28521 &#8211; RIVAS VACIAMADRID &#8211; MADRID MEHRWERTSTEUER-NR.: B86670924 Telefon: 620268077 e-Mail: jmgonzalez@innovationwars.es Registrierungsdaten: Innovation Wars SL [&hellip;]","og_url":"https:\/\/cibuc.com\/de\/rechtliche-hinweise-und-nutzungsbedingungen\/","og_site_name":"cibuc.com","twitter_card":"summary_large_image","twitter_misc":{"Gesch\u00e4tzte Lesezeit":"7\u00a0Minuten"},"schema":{"@context":"https:\/\/schema.org","@graph":[{"@type":"WebPage","@id":"https:\/\/cibuc.com\/de\/rechtliche-hinweise-und-nutzungsbedingungen\/","url":"https:\/\/cibuc.com\/de\/rechtliche-hinweise-und-nutzungsbedingungen\/","name":"Rechtliche Hinweise und Nutzungsbedingungen - cibuc.com","isPartOf":{"@id":"https:\/\/cibuc.com\/de\/#website"},"datePublished":"2020-02-05T14:53:37+00:00","dateModified":"2020-02-05T14:53:37+00:00","breadcrumb":{"@id":"https:\/\/cibuc.com\/de\/rechtliche-hinweise-und-nutzungsbedingungen\/#breadcrumb"},"inLanguage":"de","potentialAction":[{"@type":"ReadAction","target":["https:\/\/cibuc.com\/de\/rechtliche-hinweise-und-nutzungsbedingungen\/"]}]},{"@type":"BreadcrumbList","@id":"https:\/\/cibuc.com\/de\/rechtliche-hinweise-und-nutzungsbedingungen\/#breadcrumb","itemListElement":[{"@type":"ListItem","position":1,"name":"Portada","item":"https:\/\/cibuc.com\/de\/"},{"@type":"ListItem","position":2,"name":"Rechtliche Hinweise und Nutzungsbedingungen"}]},{"@type":"WebSite","@id":"https:\/\/cibuc.com\/de\/#website","url":"https:\/\/cibuc.com\/de\/","name":"cibuc.com","description":"Inteligencia Artificial Colectiva","publisher":{"@id":"https:\/\/cibuc.com\/de\/#organization"},"potentialAction":[{"@type":"SearchAction","target":{"@type":"EntryPoint","urlTemplate":"https:\/\/cibuc.com\/de\/?s={search_term_string}"},"query-input":{"@type":"PropertyValueSpecification","valueRequired":true,"valueName":"search_term_string"}}],"inLanguage":"de"},{"@type":"Organization","@id":"https:\/\/cibuc.com\/de\/#organization","name":"cibuc.com","url":"https:\/\/cibuc.com\/de\/","logo":{"@type":"ImageObject","inLanguage":"de","@id":"https:\/\/cibuc.com\/de\/#\/schema\/logo\/image\/","url":"https:\/\/cibuc.com\/wp-content\/uploads\/2020\/01\/Logotipo-CIBUC-Principal-1.png","contentUrl":"https:\/\/cibuc.com\/wp-content\/uploads\/2020\/01\/Logotipo-CIBUC-Principal-1.png","width":198,"height":52,"caption":"cibuc.com"},"image":{"@id":"https:\/\/cibuc.com\/de\/#\/schema\/logo\/image\/"}}]}},"_links":{"self":[{"href":"https:\/\/cibuc.com\/de\/wp-json\/wp\/v2\/pages\/2089"}],"collection":[{"href":"https:\/\/cibuc.com\/de\/wp-json\/wp\/v2\/pages"}],"about":[{"href":"https:\/\/cibuc.com\/de\/wp-json\/wp\/v2\/types\/page"}],"author":[{"embeddable":true,"href":"https:\/\/cibuc.com\/de\/wp-json\/wp\/v2\/users\/1"}],"replies":[{"embeddable":true,"href":"https:\/\/cibuc.com\/de\/wp-json\/wp\/v2\/comments?post=2089"}],"version-history":[{"count":0,"href":"https:\/\/cibuc.com\/de\/wp-json\/wp\/v2\/pages\/2089\/revisions"}],"wp:attachment":[{"href":"https:\/\/cibuc.com\/de\/wp-json\/wp\/v2\/media?parent=2089"}],"curies":[{"name":"wp","href":"https:\/\/api.w.org\/{rel}","templated":true}]}}